{"id":760,"date":"2024-05-01T17:36:56","date_gmt":"2024-05-01T17:36:56","guid":{"rendered":"https:\/\/ksandrine.alwaysdata.net\/sophro\/?page_id=760"},"modified":"2024-07-06T17:11:40","modified_gmt":"2024-07-06T17:11:40","slug":"reconversion","status":"publish","type":"page","link":"https:\/\/sophrologue-gardanne.fr\/index.php\/gallery\/reconversion\/","title":{"rendered":"Reconversion"},"content":{"rendered":"\n<p>Envie de <strong>changer de m\u00e9tier<\/strong>, de donner<strong> du sens \u00e0 votre travail<\/strong> et de<strong> vous \u00e9panouir <\/strong>dans un autre domaine d&rsquo;activit\u00e9.<\/p>\n\n\n\n<p class=\"has-pale-ocean-gradient-background has-background\"><strong>Une reconversion professionnelle<\/strong> rel\u00e8ve d\u2019un choix personnel&nbsp;: les raisons qui pr\u00e9sident \u00e0 ce choix peuvent varier du tout au tout d\u2019une personne \u00e0 l\u2019autre.<\/p>\n\n\n\n<p><strong>R\u00c9ALISER UN BILAN<\/strong><\/p>\n\n\n\n<p class=\"has-text-align-center\"><strong>JE VEUX ME RECONVERTIR CAR :<\/strong><\/p>\n\n\n\n<ul class=\"wp-block-list\">\n<li>Mon <strong>m\u00e9tier actuel<\/strong> ne me correspond plus et ne me satisfait pas sur le plan personnel.<\/li>\n\n\n\n<li>Je rencontre des difficult\u00e9s \u00e0<strong> trouver un emploi<\/strong> dans ma zone g\u00e9ographique.<\/li>\n\n\n\n<li>En raison d&rsquo;un<strong> probl\u00e8me de sant\u00e9<\/strong>, je suis d\u00e9sormais<strong> inapte <\/strong>\u00e0 occuper mon poste.<\/li>\n<\/ul>\n\n\n\n<p><strong>Faites le point <\/strong>sur<strong> vos atouts, vos comp\u00e9tences et vos aspirations<\/strong>. Elargissez votre r\u00e9flexion et ne vous limitez pas \u00e0 vos<strong> exp\u00e9riences professionnelles<\/strong> pr\u00e9c\u00e9dentes ou \u00e0 votre<strong> parcours de formation<\/strong> : pensez \u00e9galement \u00e0 vos loisirs et vos&nbsp;<strong>centres d&rsquo;int\u00e9r\u00eat.<\/strong><\/p>\n\n\n\n<p><strong>ENVISAGER UN PARCOURS DE FORMATION <em>(si n\u00e9cessaire)<\/em><\/strong><\/p>\n\n\n\n<p><strong>PRENDRE LA TEMP\u00c9RATURE DE L&rsquo;OFFRE ET DE LA DEMANDE<\/strong><\/p>\n\n\n\n<p><strong>Regrouper un maximum d&rsquo;informations<\/strong> du secteur dans lequel vous envisagez de <strong>trouver un travail<\/strong>. Faites un \u00e9tat des lieux des entreprises qui vous int\u00e9ressent, puis <strong>ciblez<\/strong> les zones g\u00e9ographiques o\u00f9 des <strong>postes<\/strong> sont \u00e0 pourvoir.<\/p>\n\n\n\n<p><strong>ETABLIR UN PLAN D&rsquo;ACTION<\/strong><\/p>\n\n\n\n<p>Une fois votre\u00a0<strong>objectif d\u00e9fini<\/strong>, \u00e9tablissez une <strong>strat\u00e9gie<\/strong> de mise en \u0153uvre:<\/p>\n\n\n\n<ul class=\"wp-block-list\">\n<li> Contraintes \u00e0 ma <strong>reconversion<\/strong>.\u00a0<\/li>\n\n\n\n<li>Quelles seront les<strong> opportunit\u00e9s<\/strong>?<\/li>\n\n\n\n<li>Analyser la rentabilit\u00e9 et la <strong>faisabilit\u00e9<\/strong>.<\/li>\n<\/ul>\n\n\n\n<p><strong>CONFRONTER SES ID\u00c9ES \u00c0 L\u2019ENVIRONNEMENT<\/strong><\/p>\n\n\n\n<p>Evaluer les&nbsp;<strong>points positifs et n\u00e9gatifs<\/strong>. Cela vous permettra de d\u00e9finir pr\u00e9cis\u00e9ment les \u00e9l\u00e9ments que vous \u00eates pr\u00eat \u00e0<strong> accepter ou non<\/strong>, en tenant \u00e9galement compte de vos&nbsp;<strong>contraintes&nbsp;personnelles et\/ou familiales.<\/strong> mettre sur papier <strong>vos ressources<\/strong> et vos d\u00e9penses actuelles ainsi que celles pouvant \u00eatre g\u00e9n\u00e9r\u00e9es par les<strong> changements envisag\u00e9s.<\/strong><\/p>\n\n\n\n<p><strong>ANTICIPER<\/strong><\/p>\n\n\n\n<p>Il peut y avoir des obstacles dans une <strong>d\u00e9marche de reconversion<\/strong>. Ne vous d\u00e9couragez pas : gardez \u00e0 l\u2019esprit qu\u2019il existe<strong>&nbsp;toujours des alternatives<\/strong>. Et, plus vous aurez anticip\u00e9, plus vous aurez la <strong>capacit\u00e9 de rebondir.<\/strong><\/p>\n\n\n\n<p class=\"has-text-align-center has-pale-ocean-gradient-background has-background\"><strong>Mes s\u00e9ances vont vous permettre:<\/strong><\/p>\n\n\n\n<p><strong>D&rsquo;identifier les raisons<\/strong> qui vous poussent \u00e0 vouloir <strong>changer de m\u00e9tier<\/strong> (probl\u00e8me de <strong>motivation<\/strong>, de lassitude, de contexte de <strong>travail<\/strong>).<\/p>\n\n\n\n<p>D&rsquo;identifier <strong>ce qui ne vous convient plus et ce qui vous convient.<\/strong><\/p>\n\n\n\n<p>De d\u00e9terminer quelles <strong>concessions<\/strong> \u00eates vous pr\u00eat(e) <strong>\u00e0 faire et \u00e0 ne pas faire<\/strong> (il est essentiel d\u2019avoir une <strong>vision r\u00e9aliste<\/strong> du m\u00e9tier dans lequel <strong>on se projette<\/strong>).<\/p>\n\n\n\n<p>M\u00e9tier <strong>passion <\/strong>ou m\u00e9tier <strong>d&rsquo;avenir<\/strong> (un m\u00e9tier vous garantissant la <strong>s\u00e9curit\u00e9 de l\u2019emploi<\/strong> ou un m\u00e9tier vous offrant <strong>souplesse et libert\u00e9<\/strong>).<\/p>\n\n\n\n<p>R\u00e9alisme du projet (Horaires, r\u00e9mun\u00e9ration, niveau de stabilit\u00e9, souplesse de travail, risques, formations)<\/p>\n\n\n\n<p>Votre<strong> objectif de vie global<\/strong> (peut \u00eatre guid\u00e9 par l\u2019<strong>envie<\/strong> de vivre de sa passion, le souhait d\u2019avoir plus de temps libre, le besoin d\u2019\u00eatre mieux r\u00e9mun\u00e9r\u00e9 ou la qu\u00eate de stabilit\u00e9 professionnelle).&nbsp;<\/p>\n\n\n\n<p>Sources: <a href=\"https:\/\/www.francetravail.fr\/actualites\/le-dossier\/pratique\/orientation\/la-reconversion-pour-tous.html\" target=\"_blank\" rel=\"noreferrer noopener\">https:\/\/www.francetravail.fr\/actualites\/le-dossier\/pratique\/orientation\/la-reconversion-pour-tous.html<\/a> <a href=\"https:\/\/www.cadremploi.fr\/editorial\/conseils\/conseils-carriere\/quel-metier-choisir-pour-sa-reconversion-professionnelle\" target=\"_blank\" rel=\"noreferrer noopener\">https:\/\/www.cadremploi.fr\/editorial\/conseils\/conseils-carriere\/quel-metier-choisir-pour-sa-reconversion-professionnelle<\/a><\/p>\n\n\n\n<p class=\"has-text-align-center has-pale-ocean-gradient-background has-background has-medium-font-size\">Mon accompagnement<\/p>\n\n\n\n<p><br>\u00a0Je vous propose un\u00a0<strong>suivi r\u00e9gulier<\/strong>\u00a0avec\u00a0<strong>plaisir\u00a0<\/strong>et<strong>\u00a0reboostant<\/strong>,\u00a0<em><strong>un pas apr\u00e8s l\u2019autre<\/strong><\/em>,\u00a0<strong>\u00e0 votre rythme<\/strong>. Je vous accompagne avec une \u00e9coute sans jugement, bienveillante de vos\u00a0<strong>valeurs<\/strong>, vos\u00a0<strong>envies<\/strong>, vos<strong>\u00a0objectifs.<\/strong><\/p>\n\n\n\n<p>Les s\u00e9ances sont\u00a0<strong>individuelles<\/strong>,\u00a0adapt\u00e9es pour chacun de vous, la fr\u00e9quence est en fonction du besoin (hebdomadaire, par quinzaine, toutes les 3 semaines\u2026) Lors du 1er rendez-vous, j&rsquo;\u00e9tablis avec vous un protocole et un nombre de s\u00e9ances afin de r\u00e9pondre \u00e0 vos besoins qui sont r\u00e9\u00e9valu\u00e9s ensuite \u00e0 chaque s\u00e9ance ensemble.<\/p>\n\n\n\n<p>Vous pouvez<strong>&nbsp;choisir&nbsp;<\/strong>les s\u00e9ances \u00e0 l\u2019<strong>unit\u00e9<\/strong>&nbsp;ou sous forme de <strong>forfait<\/strong>.<\/p>\n\n\n\n<p><em>Dans le respect et la confidentialit\u00e9 (Charte de d\u00e9ontologie sophrologie et hypnose)<\/em><\/p>\n","protected":false},"excerpt":{"rendered":"<p>Envie de changer de m\u00e9tier, de donner du sens \u00e0 votre travail et de vous \u00e9panouir dans un autre domaine&hellip; <\/p>\n","protected":false},"author":3,"featured_media":764,"parent":139,"menu_order":0,"comment_status":"closed","ping_status":"closed","template":"","meta":{"footnotes":""},"class_list":["post-760","page","type-page","status-publish","has-post-thumbnail","hentry"],"_links":{"self":[{"href":"https:\/\/sophrologue-gardanne.fr\/index.php\/wp-json\/wp\/v2\/pages\/760","targetHints":{"allow":["GET"]}}],"collection":[{"href":"https:\/\/sophrologue-gardanne.fr\/index.php\/wp-json\/wp\/v2\/pages"}],"about":[{"href":"https:\/\/sophrologue-gardanne.fr\/index.php\/wp-json\/wp\/v2\/types\/page"}],"author":[{"embeddable":true,"href":"https:\/\/sophrologue-gardanne.fr\/index.php\/wp-json\/wp\/v2\/users\/3"}],"replies":[{"embeddable":true,"href":"https:\/\/sophrologue-gardanne.fr\/index.php\/wp-json\/wp\/v2\/comments?post=760"}],"version-history":[{"count":15,"href":"https:\/\/sophrologue-gardanne.fr\/index.php\/wp-json\/wp\/v2\/pages\/760\/revisions"}],"predecessor-version":[{"id":1161,"href":"https:\/\/sophrologue-gardanne.fr\/index.php\/wp-json\/wp\/v2\/pages\/760\/revisions\/1161"}],"up":[{"embeddable":true,"href":"https:\/\/sophrologue-gardanne.fr\/index.php\/wp-json\/wp\/v2\/pages\/139"}],"wp:featuredmedia":[{"embeddable":true,"href":"https:\/\/sophrologue-gardanne.fr\/index.php\/wp-json\/wp\/v2\/media\/764"}],"wp:attachment":[{"href":"https:\/\/sophrologue-gardanne.fr\/index.php\/wp-json\/wp\/v2\/media?parent=760"}],"curies":[{"name":"wp","href":"https:\/\/api.w.org\/{rel}","templated":true}]}}