{"id":758,"date":"2024-05-01T17:35:31","date_gmt":"2024-05-01T17:35:31","guid":{"rendered":"https:\/\/ksandrine.alwaysdata.net\/sophro\/?page_id=758"},"modified":"2024-07-06T17:04:11","modified_gmt":"2024-07-06T17:04:11","slug":"conflits","status":"publish","type":"page","link":"https:\/\/sophrologue-gardanne.fr\/index.php\/gallery\/conflits\/","title":{"rendered":"Sexualit\u00e9"},"content":{"rendered":"\n<p class=\"has-pale-ocean-gradient-background has-background\">Les <strong>troubles de la sexualit\u00e9<\/strong> concernent autant <strong>les femmes<\/strong> que <strong>les hommes<\/strong>. Certains d\u2019entre eux peuvent \u00eatre d\u2019origine physiologique, c&rsquo;est-\u00e0-dire \u00ab\u00a0m\u00e9canique\u00a0\u00bb, tandis que d\u2019autres s\u2019apparentent plus \u00e0 une dimension <strong>psychologique<\/strong> ou <strong>psychosomatique<\/strong><\/p>\n\n\n\n<p>Des<strong> facteurs<\/strong> pouvant g\u00e9n\u00e9rer du <strong>stress<\/strong> tels que la pression <strong>au travail<\/strong>, des <strong>difficult\u00e9s financi\u00e8res<\/strong> ou des <strong>relations conflictuelles<\/strong> au sein du <strong>couple<\/strong> ou de la <strong>famille<\/strong>, peuvent entra\u00eener des <strong>dysfonctions sexuelles<\/strong>.<\/p>\n\n\n\n<p>Dans <strong>la sexualit\u00e9<\/strong>, certains <strong>troubles <\/strong>peuvent provenir d\u2019\u00e9pisodes n\u00e9gatifs comme des <strong>douleurs<\/strong> v\u00e9cues lors de <strong>rapports sexuels<\/strong> par le pass\u00e9 ou de <strong>\u201cpannes\u201d<\/strong> traumatisantes. Ces exp\u00e9riences ant\u00e9rieures peuvent parfois \u00eatre la cause d\u2019un<strong> verrouillage du corps<\/strong>.&nbsp;<\/p>\n\n\n\n<p class=\"has-text-align-center has-pale-ocean-gradient-background has-background\">Mes s\u00e9ances de <strong>sophrologie<\/strong> et d&rsquo;<strong>hypnose<\/strong> vont permettre :<\/p>\n\n\n\n<p>De mettre les sens en \u00e9veil pour<strong> redynamiser<\/strong> la<strong> sant\u00e9 sexuelle<\/strong> de l\u2019individu \u00e0 travers d\u2019images de visualisation positive : <strong>plaisir <\/strong>de l\u2019eau sous la douche, suggestion de caresses, senteurs <strong>agr\u00e9ables<\/strong>\u2026<\/p>\n\n\n\n<p>De trouver les blocages qui vous emp\u00eachent d\u2019avoir&nbsp;<strong>une sexualit\u00e9 \u00e9panouie<\/strong>.<\/p>\n\n\n\n<p>De&nbsp;<strong>prendre conscience de son propre corps<\/strong>&nbsp;et des sensations que l\u2019on ressent.<\/p>\n\n\n\n<p>Retrouver l\u2019<strong>\u00e9quilibre<\/strong> vie professionnelle &#8211; vie priv\u00e9e<\/p>\n\n\n\n<p><strong>&nbsp;Retrouver sa f\u00e9minit\u00e9<\/strong> ou sa <strong>virilit\u00e9<\/strong><\/p>\n\n\n\n<p><\/p>\n\n\n\n<p><strong>Voici quelques exemples<\/strong> <strong>de troubles de la sexualit\u00e9<\/strong><\/p>\n\n\n\n<p><strong>Frigidit\u00e9<\/strong><\/p>\n\n\n\n<ul class=\"wp-block-list\">\n<li>Passer le corps en revue et v\u00e9rifier la tranquillit\u00e9 de l\u2019\u00e9quilibre dans chaque partie.<\/li>\n\n\n\n<li>Relance de la vie fantasmatique : imaginer des sc\u00e8nes \u00e9rotiques, r\u00e9veil des zones \u00e9rog\u00e8nes.<\/li>\n\n\n\n<li>Commande physiologique des s\u00e9cr\u00e9tions vaginales (lubrification) et pour l\u2019homme de l\u2019afflux sanguin n\u00e9cessaire \u00e0 la turgescence de la verge. C\u2019est l\u00e0 le lien organique : produire avec des mots et des images des r\u00e9actions hormonales, des modifications physiologiques.<\/li>\n<\/ul>\n\n\n\n<p><strong>Vaginisme<\/strong><\/p>\n\n\n\n<ul class=\"wp-block-list\">\n<li>Obtenir une <strong>relaxation<\/strong>, en particulier des muscles p\u00e9rin\u00e9aux. Les exercices portent en premier lieu sur la <strong>respiration<\/strong> puis sur les postures.<\/li>\n\n\n\n<li>Fantasmer sous <strong>hypnose<\/strong> une <strong>relation sexuelle<\/strong> avec p\u00e9n\u00e9tration pour d\u00e9dramatiser l\u2019acte sexuel, le rendre accessible, son impossibilit\u00e9 \u00e9tant due \u00e0 une sur\u00e9valuation de sa charge symbolique. L\u2019imagerie <strong>visuelle<\/strong> porte sur des sc\u00e8nes <strong>amoureuses<\/strong> hallucin\u00e9es, imagin\u00e9es jusqu\u2019\u00e0 une participation corporelle satisfaisante.<\/li>\n\n\n\n<li>Sugg\u00e9rer l\u2019acte sexuel comme une <strong>compl\u00e9mentarit\u00e9<\/strong> et non comme une fusion o\u00f9 l\u2019un et l\u2019autre se perdent en s\u2019interp\u00e9n\u00e9trant.<\/li>\n\n\n\n<li>Le contenu pr\u00e9cis des suggestions est fourni ou s\u2019inspire du v\u00e9cu&nbsp;<\/li>\n<\/ul>\n\n\n\n<p><strong>Anorgasmie<\/strong><\/p>\n\n\n\n<ul class=\"wp-block-list\">\n<li>Comprendre par les exercices habituels sous <strong>hypnose<\/strong> ce qui a rendu impossible l\u2019acc\u00e8s \u00e0 l\u2019<strong>orgasme<\/strong> : le<strong> plaisir<\/strong> interdit.<\/li>\n\n\n\n<li>Dans les cas d\u2019anorgasmie r\u00e9cente, les suggestions r\u00e9veillent les fantasmes par la construction d\u2019images \u00e9rotiques sous hypnose. Chaque \u00e9tape de la mont\u00e9e du<strong> plaisir<\/strong> est parcourue \u00e0 nouveau pour <strong>r\u00e9tablir les bons r\u00e9flexes<\/strong>.<\/li>\n\n\n\n<li>Dans les cas d\u2019anorgasmie primaire (orgasme inconnu), les causes les plus fr\u00e9quemment rencontr\u00e9es sont<br>\u2013 craindre d\u2019\u00eatre d\u00e9pendante de celui qui a le pouvoir de faire jouir.<br>\u2013 Id\u00e9aliser l\u2019<strong>amour<\/strong> absolu au point de le vouloir platonique.<br>\u2013 Consid\u00e9rer l\u2019orgasme comme une manifestation trop animale donc d\u00e9gradante.<br>\u2013 Tenir les partenaires sexuels en \u00e9chec.<br>\u2013 Attendre ind\u00e9finiment<strong> l\u2019amant id\u00e9al<\/strong>,<\/li>\n\n\n\n<li>A l\u2019aide des informations obtenues, construire les suggestions opportunes.<\/li>\n<\/ul>\n\n\n\n<p><strong>D&rsquo;autres troubles de la sexualit\u00e9<\/strong><\/p>\n\n\n\n<ul class=\"wp-block-list\">\n<li><strong>Les douleurs pendant un rapport sexuel<\/strong>&nbsp;: le fait de ressentir du<strong> plaisir <\/strong>pendant les pr\u00e9liminaires puis de ressentir de fortes douleurs \u00e0 la p\u00e9n\u00e9tration peut \u00eatre la cons\u00e9quence d\u2019un choc ou traumatisme de nature sexuelle ou non. Quelques s\u00e9ances peuvent aider \u00e0 en prendre conscience et \u00e0 d\u00e9tendre le corps et les muscles ;<\/li>\n\n\n\n<li><strong>Manque de libido<\/strong>&nbsp;: quand un manque de <strong>libido<\/strong> est prolong\u00e9 dans le temps, c\u2019est souvent la cons\u00e9quence d\u2019un traumatisme que l\u2019on peut traiter par des s\u00e9ances ;<\/li>\n\n\n\n<li><strong>Troubles de l\u2019\u00e9rection<\/strong>&nbsp;: quand leur nature n\u2019est pas d\u2019origine m\u00e9dicale, <strong>hypnose <\/strong>et <strong>impuissance<\/strong> font tr\u00e8s bon m\u00e9nage et les <strong>troubles \u00e9rectiles<\/strong> peuvent \u00eatre trait\u00e9s avec un <strong>suivi psychologique<\/strong> ;<\/li>\n\n\n\n<li><strong>Ejaculation pr\u00e9coce<\/strong>&nbsp;: sujet d\u2019angoisse pour bon nombre d\u2019hommes, la <strong>sexoth\u00e9rapie<\/strong> peut parfaitement aider \u00e0 <strong>reprendre confiance en soi <\/strong>et \u00e0 ma\u00eetriser les m\u00e9canismes corporels et psychiques attach\u00e9s \u00e0 l\u2019\u00e9jaculation ;<\/li>\n\n\n\n<li><strong>Anorgasmie<\/strong>&nbsp;: l\u2019incapacit\u00e9 \u00e0 atteindre l\u2019orgasme peut \u00eatre li\u00e9e \u00e0 de nombreux facteurs. Je m&rsquo;attacherai \u00e0 retracer votre v\u00e9cu et vos exp\u00e9riences (l\u2019anorgasmie concerne en majorit\u00e9 des femmes) afin de l\u2019aider \u00e0 retrouver le chemin de l\u2019orgasme.<\/li>\n<\/ul>\n\n\n\n<p>sources: <a href=\"https:\/\/www.medoucine.com\/pratiques\/sophrologie\/sexualite\" target=\"_blank\" rel=\"noreferrer noopener\">https:\/\/www.medoucine.com\/pratiques\/sophrologie\/sexualite<\/a> <a href=\"https:\/\/www.hypnose-medicale.com\/troubles-de-la-sexualite\/\" target=\"_blank\" rel=\"noreferrer noopener\">https:\/\/www.hypnose-medicale.com\/troubles-de-la-sexualite\/<\/a> <a href=\"https:\/\/intuitive-process.com\/hypnose-et-sexotherapie\/\" target=\"_blank\" rel=\"noreferrer noopener\">https:\/\/intuitive-process.com\/hypnose-et-sexotherapie\/<\/a> <a href=\"https:\/\/www.psychologies.com\/Couple\/Sexualite\/Desir\/Articles-et-Dossiers\/Dopez-votre-libido-grace-aux-medecines-douces\/Stimuler-sa-libido-avec-la-sophrologie\" target=\"_blank\" rel=\"noreferrer noopener\">https:\/\/www.psychologies.com\/Couple\/Sexualite\/Desir\/Articles-et-Dossiers\/Dopez-votre-libido-grace-aux-medecines-douces\/Stimuler-sa-libido-avec-la-sophrologie<\/a><\/p>\n\n\n\n<p class=\"has-text-align-center has-pale-ocean-gradient-background has-background has-medium-font-size\"><strong>Mon accompagnement<\/strong><\/p>\n\n\n\n<p>Je vous propose un accompagnement<strong> bienveillant<\/strong> et une \u00e9coute <strong>sans jugement<\/strong> de vos valeurs, de vos objectifs, qui vous permettra de retrouver l&rsquo;apaisement, l&rsquo;\u00e9quilibre, la motivation pour vous reconstruire.<\/p>\n\n\n\n<p>Je vous propose des<strong> actions <\/strong>journali\u00e8res \u00e0 mettre en place pour avancer <em><strong>un pas apr\u00e8s l&rsquo;autre<\/strong><\/em> \u00e0 votre rythme avec <strong>envie, amusement, plaisir.<\/strong><\/p>\n\n\n\n<p>Les s\u00e9ances sont<strong> individuelles, adapt\u00e9es<\/strong> pour chacun de vous, la fr\u00e9quence est en fonction du besoin (hebdomadaire, par quinzaine, toutes les 3 semaines&#8230;) Lors du 1er rendez-vous, j&rsquo;\u00e9tablis avec vous un protocole et un nombre de s\u00e9ances afin de r\u00e9pondre \u00e0 vos besoins qui sont r\u00e9\u00e9valu\u00e9s ensuite \u00e0 chaque s\u00e9ance ensemble.<\/p>\n\n\n\n<p><em>Dans le respect et la confidentialit\u00e9 (Charte de d\u00e9ontologie sophrologie et hypnose)<\/em><\/p>\n","protected":false},"excerpt":{"rendered":"<p>Les troubles de la sexualit\u00e9 concernent autant les femmes que les hommes. Certains d\u2019entre eux peuvent \u00eatre d\u2019origine physiologique, c&rsquo;est-\u00e0-dire&hellip; <\/p>\n","protected":false},"author":3,"featured_media":1068,"parent":139,"menu_order":0,"comment_status":"closed","ping_status":"closed","template":"","meta":{"footnotes":""},"class_list":["post-758","page","type-page","status-publish","has-post-thumbnail","hentry"],"_links":{"self":[{"href":"https:\/\/sophrologue-gardanne.fr\/index.php\/wp-json\/wp\/v2\/pages\/758","targetHints":{"allow":["GET"]}}],"collection":[{"href":"https:\/\/sophrologue-gardanne.fr\/index.php\/wp-json\/wp\/v2\/pages"}],"about":[{"href":"https:\/\/sophrologue-gardanne.fr\/index.php\/wp-json\/wp\/v2\/types\/page"}],"author":[{"embeddable":true,"href":"https:\/\/sophrologue-gardanne.fr\/index.php\/wp-json\/wp\/v2\/users\/3"}],"replies":[{"embeddable":true,"href":"https:\/\/sophrologue-gardanne.fr\/index.php\/wp-json\/wp\/v2\/comments?post=758"}],"version-history":[{"count":10,"href":"https:\/\/sophrologue-gardanne.fr\/index.php\/wp-json\/wp\/v2\/pages\/758\/revisions"}],"predecessor-version":[{"id":1159,"href":"https:\/\/sophrologue-gardanne.fr\/index.php\/wp-json\/wp\/v2\/pages\/758\/revisions\/1159"}],"up":[{"embeddable":true,"href":"https:\/\/sophrologue-gardanne.fr\/index.php\/wp-json\/wp\/v2\/pages\/139"}],"wp:featuredmedia":[{"embeddable":true,"href":"https:\/\/sophrologue-gardanne.fr\/index.php\/wp-json\/wp\/v2\/media\/1068"}],"wp:attachment":[{"href":"https:\/\/sophrologue-gardanne.fr\/index.php\/wp-json\/wp\/v2\/media?parent=758"}],"curies":[{"name":"wp","href":"https:\/\/api.w.org\/{rel}","templated":true}]}}