{"id":756,"date":"2024-05-01T17:31:15","date_gmt":"2024-05-01T17:31:15","guid":{"rendered":"https:\/\/ksandrine.alwaysdata.net\/sophro\/?page_id=756"},"modified":"2024-07-06T16:11:37","modified_gmt":"2024-07-06T16:11:37","slug":"parentalite","status":"publish","type":"page","link":"https:\/\/sophrologue-gardanne.fr\/index.php\/gallery\/parentalite\/","title":{"rendered":"Parentalit\u00e9"},"content":{"rendered":"\n<p>S\u00e9r\u00e9nit\u00e9, confiance<\/p>\n\n\n\n<p class=\"has-pale-ocean-gradient-background has-background\"><strong>La parentalit\u00e9<\/strong> d\u00e9signe l\u2019ensemble des <strong>fa\u00e7ons d\u2019\u00eatre<\/strong> et de<strong> vivre <\/strong>le <strong>fait d\u2019\u00eatre parent<\/strong>.<\/p>\n\n\n\n<p>Les diverses facettes du <em><strong>r\u00f4le parenta<\/strong><\/em>l sont sur le plan mat\u00e9riel, moral, <strong>psychologique<\/strong>, \u00e9ducatif et <strong>social.<\/strong><\/p>\n\n\n\n<p class=\"has-pale-ocean-gradient-background has-background\">Un <strong>processus complexe<\/strong> de<strong> maturation psychologique <\/strong>au cours duquel <strong>se construit le parent<\/strong>, ou lorsqu&rsquo;il est question d&rsquo;appr\u00e9hender \u2013 au-del\u00e0 de <strong>la conjugalit\u00e9<\/strong> \u2013 les <strong>constructions<\/strong> et <strong>reconstructions familiales.<\/strong><\/p>\n\n\n\n<p>On consid\u00e8re g\u00e9n\u00e9ralement que la \u00ab m\u00e8re \u00bb du concept de parentalit\u00e9 est la <strong>psychanalyste<\/strong> am\u00e9ricaine Therese Benedek. En 1959, dans un article intitul\u00e9 \u00ab Parenthood as a developmental phase \u00bb, elle met en \u00e9vidence que l\u2019acc\u00e8s au <strong>statut de parent<\/strong> est une \u00e9tape du <strong>d\u00e9veloppement de la personnalit\u00e9 <\/strong>au m\u00eame titre que l<strong>\u2019adolescence,<\/strong> et fonctionne selon les m\u00eames processus. L\u2019un des int\u00e9r\u00eats de ce travail est de ne pas faire intervenir la question du genre : <strong>p\u00e8res et m\u00e8res sont concern\u00e9s au m\u00eame titre<\/strong>. La notion de <strong>parentalit\u00e9<\/strong> est traduite et reprise par le psychiatre fran\u00e7ais Paul-Claude Racamier d\u00e8s 1961, mais ne suscitera gu\u00e8re d\u2019int\u00e9r\u00eat avant les ann\u00e9es&nbsp;1990-2000. Et, connait un essor consid\u00e9rable depuis. <\/p>\n\n\n\n<p>En raison de tous les <strong>changements<\/strong> survenus dans la <strong>structure familiale<\/strong>, que ce soit dans la <strong>constitution<\/strong> <strong>des familles <\/strong>comme dans la pratique des<strong> r\u00f4les parentaux<\/strong>,<strong>\u00a0la notion de parentalit\u00e9<\/strong>\u00a0s\u2019est ensuite impos\u00e9e. Cette derni\u00e8re d\u00e9passe la simple <strong>transmission h\u00e9r\u00e9ditaire<\/strong> pour embrasser la totalit\u00e9 des missions affectives, mais aussi sociales, indispensables pour le <strong>d\u00e9veloppement de l\u2019enfant<\/strong>. Aujourd\u2019hui, on \u00e9voque notamment les familles<strong> monoparentales, homoparentales<\/strong> et m\u00eame les familles <strong>pluri-parentales<\/strong>, quand il s\u2019agit de familles <strong>reconstitu\u00e9es.<\/strong><\/p>\n\n\n\n<p class=\"has-pale-ocean-gradient-background has-background\"><strong>Devenir parent<\/strong>\u00a0prend <strong>un certain temps<\/strong>, entra\u00eenant de <strong>nombreux changements <\/strong>et avec eux des questions,\u00a0des doutes, des peurs et des angoisses. Il est alors important de pouvoir <strong>les exprimer<\/strong>.<\/p>\n\n\n\n<p class=\"has-text-align-center\"><strong>Mes s\u00e9ances <em>guidance parentale<\/em> servent \u00e0\u00a0:<\/strong><\/p>\n\n\n\n<p><strong>L\u00e2cher prise<\/strong> et<strong>\u00a0s\u2019adapter<\/strong>\u00a0sereinement au diff\u00e9rents changements physiques, <strong>\u00e9motionnels<\/strong>, soci\u00e9taux, <strong>sexuels<\/strong>, de <strong>couple<\/strong> \u2026,<\/p>\n\n\n\n<p>Echanger autour des diff\u00e9rentes \u00e9tapes du<strong> d\u00e9veloppement de la personnalit\u00e9<\/strong> de chacun <strong>des<\/strong> <strong>parents<\/strong> (<em><strong>valeurs ,objectifs, d\u00e9sirs<\/strong><\/em>&#8230;)<\/p>\n\n\n\n<p class=\"has-pale-ocean-gradient-background has-background\"><strong>Accepter<\/strong> la fin d\u2019un cycle, avoir confiance en vous et<strong> accueillir<\/strong> ce<strong> nouveau cycle<\/strong> qui commence.<\/p>\n\n\n\n<p>Sources: <a href=\"https:\/\/familymag.fr\/parentalite\/concept-parentalite\/\" target=\"_blank\" rel=\"noreferrer noopener\">https:\/\/familymag.fr\/parentalite\/concept-parentalite\/<\/a> <a href=\"https:\/\/sante.gouv.fr\/IMG\/pdf\/avisdefinition_CNSP_10_11_2011.pdf\" target=\"_blank\" rel=\"noreferrer noopener\">https:\/\/sante.gouv.fr\/IMG\/pdf\/avisdefinition_CNSP_10_11_2011.pdf<\/a> <a href=\"https:\/\/journals.openedition.org\/sejed\/2673\" target=\"_blank\" rel=\"noreferrer noopener\">https:\/\/journals.openedition.org\/sejed\/2673<\/a> <a href=\"https:\/\/www.scienceshumaines.com\/la-parentalite_fr_34651.html\" target=\"_blank\" rel=\"noreferrer noopener\">https:\/\/www.scienceshumaines.com\/la-parentalite_fr_34651.html<\/a><\/p>\n\n\n\n<p class=\"has-text-align-center has-pale-ocean-gradient-background has-background has-medium-font-size\"><strong>Mon accompagnement<\/strong><\/p>\n\n\n\n<p>Je vous propose des<strong>\u00a0actions\u00a0<\/strong>journali\u00e8res \u00e0 mettre en place pour avancer\u00a0<em><strong>un pas apr\u00e8s l\u2019autre<\/strong><\/em>\u00a0\u00e0 votre rythme avec\u00a0<strong>envie, amusement, plaisir.<\/strong><\/p>\n\n\n\n<p>Je vous propose un accompagnement collectif et individuel,\u00a0<strong>seul(e) ou en couple<\/strong>,\u00a0<strong>chaleureux, doux\u00a0<\/strong>et\u00a0<strong>bienveillant<\/strong>\u00a0pour les femmes, les hommes et futurs parents.<\/p>\n\n\n\n<p>Les s\u00e9ances<strong>\u00a0individuelles et\/ou collectives sont adapt\u00e9es<\/strong>\u00a0pour chacun de vous, la fr\u00e9quence est en fonction du besoin (hebdomadaire, par quinzaine, toutes les 3 semaines\u2026) Lors du 1er rendez-vous, j&rsquo;\u00e9tablis avec vous un protocole et un nombre de s\u00e9ances afin de r\u00e9pondre \u00e0 vos besoins qui sont r\u00e9\u00e9valu\u00e9s ensuite \u00e0 chaque s\u00e9ance ensemble.<\/p>\n\n\n\n<p>Vous pouvez<strong>&nbsp;choisir&nbsp;<\/strong>les s\u00e9ances \u00e0 l\u2019<strong>unit\u00e9<\/strong>&nbsp;ou sous forme de <strong>forfait<\/strong>.<\/p>\n\n\n\n<p><em>Dans le respect et la confidentialit\u00e9 (Charte de d\u00e9ontologie sophrologie et hypnose)<\/em><\/p>\n","protected":false},"excerpt":{"rendered":"<p>S\u00e9r\u00e9nit\u00e9, confiance La parentalit\u00e9 d\u00e9signe l\u2019ensemble des fa\u00e7ons d\u2019\u00eatre et de vivre le fait d\u2019\u00eatre parent. Les diverses facettes du&hellip; <\/p>\n","protected":false},"author":3,"featured_media":763,"parent":139,"menu_order":0,"comment_status":"closed","ping_status":"closed","template":"","meta":{"footnotes":""},"class_list":["post-756","page","type-page","status-publish","has-post-thumbnail","hentry"],"_links":{"self":[{"href":"https:\/\/sophrologue-gardanne.fr\/index.php\/wp-json\/wp\/v2\/pages\/756","targetHints":{"allow":["GET"]}}],"collection":[{"href":"https:\/\/sophrologue-gardanne.fr\/index.php\/wp-json\/wp\/v2\/pages"}],"about":[{"href":"https:\/\/sophrologue-gardanne.fr\/index.php\/wp-json\/wp\/v2\/types\/page"}],"author":[{"embeddable":true,"href":"https:\/\/sophrologue-gardanne.fr\/index.php\/wp-json\/wp\/v2\/users\/3"}],"replies":[{"embeddable":true,"href":"https:\/\/sophrologue-gardanne.fr\/index.php\/wp-json\/wp\/v2\/comments?post=756"}],"version-history":[{"count":16,"href":"https:\/\/sophrologue-gardanne.fr\/index.php\/wp-json\/wp\/v2\/pages\/756\/revisions"}],"predecessor-version":[{"id":1157,"href":"https:\/\/sophrologue-gardanne.fr\/index.php\/wp-json\/wp\/v2\/pages\/756\/revisions\/1157"}],"up":[{"embeddable":true,"href":"https:\/\/sophrologue-gardanne.fr\/index.php\/wp-json\/wp\/v2\/pages\/139"}],"wp:featuredmedia":[{"embeddable":true,"href":"https:\/\/sophrologue-gardanne.fr\/index.php\/wp-json\/wp\/v2\/media\/763"}],"wp:attachment":[{"href":"https:\/\/sophrologue-gardanne.fr\/index.php\/wp-json\/wp\/v2\/media?parent=756"}],"curies":[{"name":"wp","href":"https:\/\/api.w.org\/{rel}","templated":true}]}}