{"id":445,"date":"2023-01-08T22:10:47","date_gmt":"2023-01-08T22:10:47","guid":{"rendered":"https:\/\/ksandrine.alwaysdata.net\/sophro\/?page_id=445"},"modified":"2024-12-20T17:28:16","modified_gmt":"2024-12-20T17:28:16","slug":"tarifs-lieux","status":"publish","type":"page","link":"https:\/\/sophrologue-gardanne.fr\/index.php\/tarifs-lieux\/","title":{"rendered":"Tarifs\/Lieux"},"content":{"rendered":"\n<h2 class=\"wp-block-heading has-text-align-center has-pale-ocean-gradient-background has-background\">S\u00e9ance individuelle Sophrologie, Psychop\u00e9dagogie et Hypnose<\/h2>\n\n\n\n<ul class=\"wp-block-list\">\n<li><strong>1\u00e8re S\u00e9ance (1h30 \/<\/strong><strong>&nbsp;entretien approfondi <\/strong><strong>) : 60 \u20ac Sophrologie et Hypnose<br><\/strong><\/li>\n\n\n\n<li><strong>S\u00e9ance de suivi (1h) <\/strong>\n<ul class=\"wp-block-list\">\n<li><strong>adultes : 60 \u20ac<\/strong> <\/li>\n\n\n\n<li><strong>enfants, adolescents : 50 \u20ac<\/strong><\/li>\n\n\n\n<li><strong>domicile : +5 \u20ac<\/strong><\/li>\n<\/ul>\n<\/li>\n\n\n\n<li><strong>Bilan Psychop\u00e9dagogique (2h) : 120<\/strong> <strong>\u20ac<\/strong> <\/li>\n<\/ul>\n\n\n\n<p><em>Adresse: Centre m\u00e9dical, Place Sainte Barbe 13120 Gardanne<\/em><\/p>\n\n\n\n<p>Adresse: Centre des apprentissages POPA ,19 Avenue Gu\u00e9rin Marchi 13710 Fuveau<\/p>\n\n\n\n<h2 class=\"wp-block-heading has-text-align-center has-pale-ocean-gradient-background has-background\">S\u00e9ance collective  Sophrologie et Psychop\u00e9dagogie<\/h2>\n\n\n\n<ul class=\"wp-block-list\">\n<li><strong>horaires :<\/strong>\n<ul class=\"wp-block-list\">\n<li><strong>le<\/strong>&nbsp;<strong>lundi \u00e0 19h30&nbsp;<\/strong>(hors vacances scolaires et jours f\u00e9ri\u00e9s)<\/li>\n\n\n\n<li><strong>le mardi \u00e0 14h<\/strong> (hors vacances scolaires et jours f\u00e9ri\u00e9s)<\/li>\n\n\n\n<li><strong>le samedi \u00e0 10h00<\/strong> <strong>et 13h<\/strong>(hors vacances et jours f\u00e9ri\u00e9s)<\/li>\n<\/ul>\n<\/li>\n\n\n\n<li><strong>tarifs :<\/strong>\n<ul class=\"wp-block-list\">\n<li><strong>adultes, enfants, adolescents, \u00e9tudiants 20 \u20ac \u00e0 l\u2019unit\u00e9<\/strong><\/li>\n<\/ul>\n<\/li>\n<\/ul>\n\n\n\n<p><em>Adresse: Centre m\u00e9dical, Place Sainte Barbe 13120 Gardanne<\/em><\/p>\n\n\n\n<p>Adresse: Centre des apprentissages POPA, 19 Avenue Gu\u00e9rin Marchi 13710 Fuveau<\/p>\n\n\n\n<h2 class=\"wp-block-heading has-text-align-center has-pale-ocean-gradient-background has-background\">S\u00e9ance \u00e0 domicile Hypnose, Psychop\u00e9dagogie et Sophrologie<\/h2>\n\n\n\n<p>Je me d\u00e9place&nbsp;<strong>\u00e0 domicile<\/strong> &#8211; un <strong>surplus de 5 \u20ac<\/strong> est <strong>\u00e0 ajouter \u00e0 la s\u00e9ance<\/strong> adulte ou enfant ou collectif.<br><br>J\u2019interviens autour de <strong>Gardanne<\/strong> et <strong>Aix-en-Provence<\/strong> : Venelles, Eguilles, Les <strong>Milles<\/strong>, <strong>Luynes<\/strong>, <strong>Bouc-Bel-Air<\/strong>, <strong>Fuveau<\/strong>, <strong>Meyreuil<\/strong>, Rousset, <strong>Ch\u00e2teauneuf-le-rouge<\/strong>, Le Tholonet, Beaurecueil, Peynier, Trets, Puyloubier, Pourri\u00e8res, Pourcieux, Olli\u00e8res, Tourves, Nans-les-Pins, Rougiers, La Bouilladisse, Auriol, <strong>Simiane<\/strong>, <strong>Mimet<\/strong>, Cadolive etc\u2026<\/p>\n\n\n\n<h2 class=\"wp-block-heading has-text-align-center has-pale-ocean-gradient-background has-background\">S\u00e9ance collective pour les entreprises, \u00e9coles, coll\u00e8ges, lyc\u00e9es, associations&#8230;Sur devis<\/h2>\n\n\n\n<p><\/p>\n\n\n\n<figure class=\"wp-block-image size-full\"><img loading=\"lazy\" decoding=\"async\" width=\"265\" height=\"258\" src=\"https:\/\/ksandrine.alwaysdata.net\/sophro\/wp-content\/uploads\/2024\/06\/image-2.png\" alt=\"\" class=\"wp-image-1013\"\/><\/figure>\n\n\n\n<p><\/p>\n\n\n\n<p><em>De plus en plus de mutuelles remboursent tout ou une partie des s\u00e9ances en fonction du contrat que vous avez souscrit. Je vous fournirai une facture pour la transmettre \u00e0 votre mutuelle. <\/em><a href=\"https:\/\/www.chambre-syndicale-sophrologie.fr\/mutuelle-sophrologie-sophrologue\/\" target=\"_blank\" rel=\"noreferrer noopener\">Cliquez-ici<\/a><\/p>\n","protected":false},"excerpt":{"rendered":"<p>S\u00e9ance individuelle Sophrologie, Psychop\u00e9dagogie et Hypnose Adresse: Centre m\u00e9dical, Place Sainte Barbe 13120 Gardanne Adresse: Centre des apprentissages POPA ,19&hellip; <\/p>\n","protected":false},"author":1,"featured_media":0,"parent":0,"menu_order":0,"comment_status":"closed","ping_status":"closed","template":"","meta":{"footnotes":""},"class_list":["post-445","page","type-page","status-publish","hentry"],"_links":{"self":[{"href":"https:\/\/sophrologue-gardanne.fr\/index.php\/wp-json\/wp\/v2\/pages\/445","targetHints":{"allow":["GET"]}}],"collection":[{"href":"https:\/\/sophrologue-gardanne.fr\/index.php\/wp-json\/wp\/v2\/pages"}],"about":[{"href":"https:\/\/sophrologue-gardanne.fr\/index.php\/wp-json\/wp\/v2\/types\/page"}],"author":[{"embeddable":true,"href":"https:\/\/sophrologue-gardanne.fr\/index.php\/wp-json\/wp\/v2\/users\/1"}],"replies":[{"embeddable":true,"href":"https:\/\/sophrologue-gardanne.fr\/index.php\/wp-json\/wp\/v2\/comments?post=445"}],"version-history":[{"count":52,"href":"https:\/\/sophrologue-gardanne.fr\/index.php\/wp-json\/wp\/v2\/pages\/445\/revisions"}],"predecessor-version":[{"id":1261,"href":"https:\/\/sophrologue-gardanne.fr\/index.php\/wp-json\/wp\/v2\/pages\/445\/revisions\/1261"}],"wp:attachment":[{"href":"https:\/\/sophrologue-gardanne.fr\/index.php\/wp-json\/wp\/v2\/media?parent=445"}],"curies":[{"name":"wp","href":"https:\/\/api.w.org\/{rel}","templated":true}]}}