{"id":442,"date":"2023-01-08T21:56:29","date_gmt":"2023-01-08T21:56:29","guid":{"rendered":"https:\/\/ksandrine.alwaysdata.net\/sophro\/?page_id=442"},"modified":"2024-07-02T17:37:14","modified_gmt":"2024-07-02T17:37:14","slug":"lhypnose","status":"publish","type":"page","link":"https:\/\/sophrologue-gardanne.fr\/index.php\/lhypnose\/","title":{"rendered":"L&rsquo;Hypnose"},"content":{"rendered":"\n<p class=\"has-pale-ocean-gradient-background has-background\"><strong>L&rsquo;hypnose permet de remettre en mouvement ce qui est bloqu\u00e9. L&rsquo;hypnose est une th\u00e9rapie br\u00e8ve qui am\u00e8ne des changements rapides. Perte de poids, Sevrage tabagique, Phobie, Anxi\u00e9t\u00e9&#8230;<\/strong><\/p>\n\n\n\n<p>L\u2019hypnose ericksonienne <strong>induit<\/strong> un \u00e9tat de l\u00e9g\u00e8re <strong>modification de la conscience<\/strong> dans lequel la personne peut orienter son<strong> attention<\/strong> vers un <strong>but d\u00e9fini<\/strong>. Cette technique, cr\u00e9\u00e9e par le <strong>psychiatre am\u00e9ricain<\/strong> Milton H. Erickson, est r\u00e9put\u00e9e pour son action sur l&rsquo;<strong>angoisse<\/strong> et les d\u00e9pendances.<\/p>\n\n\n\n<p><a href=\"https:\/\/www.psychologies.com\/Culture\/Maitres-de-vie\/Milton-H-Erickson\" target=\"_blank\" rel=\"noreferrer noopener\"><strong>Milton H.R. Erickson<\/strong><\/a>&nbsp;(1901-1980), psychiatre am\u00e9ricain reconnu dans le monde. <strong>Dyslexique, daltonien<\/strong> et <strong>handicap\u00e9<\/strong>, Erickson d\u00e9veloppe un extraordinaire sens de l&rsquo;observation et <strong>d\u00e9couvre l&rsquo;hypnose<\/strong> <strong>au cours de ses \u00e9tudes de m\u00e9decine<\/strong>. Ses travaux sur la <strong>modification <\/strong>des <strong>\u00e9tats de conscience <\/strong>et la communication <strong>hypnotique<\/strong> bouleversent les conceptions classiques. Consid\u00e9r\u00e9 comme le fondateur du courant des <strong>th\u00e9rapies br\u00e8ves<\/strong>, il a notamment influenc\u00e9 les membres de l&rsquo;\u00e9cole de&nbsp;<a href=\"https:\/\/www.psychologies.com\/Therapies\/Toutes-les-therapies\/Psychotherapies\/Livres\/L-Ecole-de-Palo-Alto\" target=\"_blank\" rel=\"noreferrer noopener\">Palo Alto<\/a>, et les cr\u00e9ateurs de la <strong>programmation-neuro-linguistique<\/strong>, qui se sont inspir\u00e9s de sa vision.<\/p>\n\n\n\n<p>Consid\u00e9r\u00e9e comme une <strong>m\u00e9thode globale<\/strong>, l&rsquo;hypnose ericksonienne <strong>prend en compte les diff\u00e9rents aspects de l&rsquo;\u00eatre humain.<\/strong> Elle est indiqu\u00e9e dans de nombreux domaines :<strong> angoisse, anxi\u00e9t\u00e9 ou d\u00e9pression<\/strong> et d&rsquo;autres<strong> troubles psychosomatiques <\/strong>comme l&rsquo;<strong>insomnie et les phobies. <\/strong>Elle se montre \u00e9galement un outil efficace pour d\u00e9passer la <strong>peur d&rsquo;un examen<\/strong>.&nbsp;<\/p>\n\n\n\n<p class=\"has-text-align-center\"><strong>Le principe de l&rsquo;hypnose<\/strong><\/p>\n\n\n\n<p>L&rsquo;<strong>\u00e9tat hypnotique<\/strong> est un \u00e9tat naturel que nous exp\u00e9rimentons tous plusieurs fois par jour comme lorsque nous sommes dans la lune, absorb\u00e9s dans un bon roman ou devant la t\u00e9l\u00e9vision. C&rsquo;est cet \u00e9tat l\u00e9ger que j&rsquo;am\u00e8ne et amplifie.<\/p>\n\n\n\n<p>Je proc\u00e8de par suggestion. Je vous invite \u00e0 <strong>participer activement<\/strong> \u00e0 votre \u00e9tat hypnotique, \u00e0 <strong>\u00e9couter<\/strong> et \u00e0 <strong>coop\u00e9rer<\/strong>. J&rsquo;agit en tant que guide. La cl\u00e9 de cette pratique repose sur votre <strong>participation active<\/strong>, c&rsquo;est vous qui poss\u00e9dez les<strong> ressources <\/strong>n\u00e9cessaires pour r\u00e9pondre de <strong>mani\u00e8re innovante<\/strong> aux situations que vous rencontrez et vous effectuez ainsi une <strong>transformation int\u00e9rieure positive en lien avec vos valeurs<\/strong>.<\/p>\n\n\n\n<p>La th\u00e9rapie se fait toujours avec des <strong>objectifs d\u00e9finis et mesurables,<\/strong> et comporte un nombre limit\u00e9 de s\u00e9ances. Le changement, la <strong>progression<\/strong>, sont mesur\u00e9s \u00e0 chaque s\u00e9ance, ce qui permet d\u2019<strong>adapter<\/strong> au mieux la <strong>strat\u00e9gie th\u00e9rapeutique<\/strong>. Le \u00ab&nbsp;m\u00e9rite&nbsp;\u00bb du <strong>changement<\/strong> vous&nbsp;revient, renfor\u00e7ant ainsi l&rsquo;autonomie.<\/p>\n\n\n\n<h2 class=\"wp-block-heading\">Ma m\u00e9thode<\/h2>\n\n\n\n<p>En tant que<strong> hypnologue ou hypnoth\u00e9rapeute<\/strong> sur <strong>Gardanne<\/strong>, <strong>Aix-en-Provence<\/strong> et <strong>ses alentours<\/strong>. J\u2019accompagne les personnes dans la <strong>gestion du quotidien<\/strong>. Je les guide vers leur \u00e9quilibre, leur <strong>confiance<\/strong> en eux, et leur <strong>mieux-\u00eatre<\/strong>, je m&rsquo;appuie sur des <strong>outils pr\u00e9cis<\/strong>, concrets, et<strong> faciles \u00e0 r\u00e9utiliser<\/strong>.<\/p>\n\n\n\n<p>J\u2019\u00e9tablis ainsi des <strong>protocoles de s\u00e9ances personnalis\u00e9s<\/strong>, qui r\u00e9pondent au mieux \u00e0 chaque besoin et \u00e0 chaque demande, proposant ainsi une<strong> \u00e9volution progressive <\/strong>qui <strong>s\u2019adapte au rythme<\/strong> de chaque personne, jusqu\u2019\u00e0 une autonomie compl\u00e8te dans leur pratique.<\/p>\n\n\n\n<p>La s\u00e9ance est unique\u2026 c\u2019est un moment \u00e0 part, v\u00e9cu dans un <strong>climat de confiance et de bienveillance<\/strong>.<\/p>\n\n\n\n<p>Afin de cr\u00e9er <strong>une alliance<\/strong>, je sais m\u2019appuyer sur mes comp\u00e9tences d\u2019<strong>\u00e9coute active<\/strong>, de <strong>douceur<\/strong> et d\u2019<strong>empathie<\/strong>. Je sais<strong> accueillir<\/strong> chaque demande avec <strong>respect et confidentialit\u00e9<\/strong> (Charte de d\u00e9ontologie).<\/p>\n\n\n\n<p>Je propose des s\u00e9ances individuelles de <strong>sophrologie et d&rsquo;hypnose<\/strong>&nbsp;\u00e0 mon <strong>cabinet, en visio <\/strong>ou me d\u00e9place <strong>\u00e0 domicile<\/strong>.<\/p>\n\n\n\n<p>Je mets \u00e9galement en place r\u00e9guli\u00e8rement des <strong>s\u00e9ances de groupe<\/strong> en cabinet, et des <strong>interventions en structures associatives, \u00e9coles, coll\u00e8ges, lyc\u00e9es et en entreprises.<\/strong><\/p>\n\n\n\n<p class=\"has-pale-ocean-gradient-background has-background\">L&rsquo;Hypnose, bien qu&rsquo;elle soit efficace, ne se soustrait&nbsp;<strong>en aucun cas<\/strong>&nbsp;\u00e0 un traitement, \u00e0 un avis ou encore \u00e0 une prescription m\u00e9dicale. Tout arr\u00eat de traitement doit&nbsp;<strong>\u00eatre en accord avec son m\u00e9decin traitant<\/strong>.<\/p>\n","protected":false},"excerpt":{"rendered":"<p>L&rsquo;hypnose permet de remettre en mouvement ce qui est bloqu\u00e9. L&rsquo;hypnose est une th\u00e9rapie br\u00e8ve qui am\u00e8ne des changements rapides.&hellip; <\/p>\n","protected":false},"author":1,"featured_media":0,"parent":0,"menu_order":0,"comment_status":"closed","ping_status":"closed","template":"","meta":{"footnotes":""},"class_list":["post-442","page","type-page","status-publish","hentry"],"_links":{"self":[{"href":"https:\/\/sophrologue-gardanne.fr\/index.php\/wp-json\/wp\/v2\/pages\/442","targetHints":{"allow":["GET"]}}],"collection":[{"href":"https:\/\/sophrologue-gardanne.fr\/index.php\/wp-json\/wp\/v2\/pages"}],"about":[{"href":"https:\/\/sophrologue-gardanne.fr\/index.php\/wp-json\/wp\/v2\/types\/page"}],"author":[{"embeddable":true,"href":"https:\/\/sophrologue-gardanne.fr\/index.php\/wp-json\/wp\/v2\/users\/1"}],"replies":[{"embeddable":true,"href":"https:\/\/sophrologue-gardanne.fr\/index.php\/wp-json\/wp\/v2\/comments?post=442"}],"version-history":[{"count":18,"href":"https:\/\/sophrologue-gardanne.fr\/index.php\/wp-json\/wp\/v2\/pages\/442\/revisions"}],"predecessor-version":[{"id":1103,"href":"https:\/\/sophrologue-gardanne.fr\/index.php\/wp-json\/wp\/v2\/pages\/442\/revisions\/1103"}],"wp:attachment":[{"href":"https:\/\/sophrologue-gardanne.fr\/index.php\/wp-json\/wp\/v2\/media?parent=442"}],"curies":[{"name":"wp","href":"https:\/\/api.w.org\/{rel}","templated":true}]}}