{"id":153,"date":"2016-08-13T05:17:47","date_gmt":"2016-08-13T05:17:47","guid":{"rendered":"http:\/\/localhost\/wordpress\/event\/?page_id=153"},"modified":"2024-07-06T17:13:04","modified_gmt":"2024-07-06T17:13:04","slug":"preparation-maternite","status":"publish","type":"page","link":"https:\/\/sophrologue-gardanne.fr\/index.php\/gallery\/preparation-maternite\/","title":{"rendered":"Pr\u00e9paration \u00e0 la Maternit\u00e9"},"content":{"rendered":"\n<p class=\"has-pale-ocean-gradient-background has-background\">Pr\u00e9paration \u00e0 la <strong>grossesse<\/strong> (PMA), la <strong>naissance<\/strong> \u00e0 la <strong>parentalit\u00e9<\/strong>.<\/p>\n\n\n\n<p>L\u2019arriv\u00e9e d\u2019un enfant se pr\u00e9pare le plus souvent <strong>en couple<\/strong> tout au long de la grossesse . <strong>Devenir parent<\/strong> prend un certain temps. La grossesse et <strong>l\u2019arriv\u00e9e de votre b\u00e9b\u00e9<\/strong> entra\u00eenent de nombreux changements et avec eux des questions,\u00a0<a href=\"https:\/\/www.ameli.fr\/bouches-du-rhone\/assure\/sante\/devenir-parent\/grossesse\/difficultes-et-maladies-pendant-la-grossesse\/grossesse-sante-psychique\/troubles-psychiques-grossesse\" target=\"_blank\" rel=\"noreferrer noopener\">des doutes, des peurs et des angoisses<\/a>\u2026 Il est alors important de pouvoir les exprimer.<\/p>\n\n\n\n<p class=\"has-text-align-center\"><strong>Mes s\u00e9ances de pr\u00e9paration servent \u00e0&nbsp;:<\/strong><\/p>\n\n\n\n<p>Effectuer des exercices corporels, notamment sur la respiration avant, pendant ,apr\u00e8s la grossesse et lors de l&rsquo;accouchement,<\/p>\n\n\n\n<p>Apprendre des exercices de relaxation,<\/p>\n\n\n\n<p>Mobiliser son dos, ses articulations, son bassin, \u00eatre \u00e0 l&rsquo;\u00e9coute des transformations de son corps, <strong>se relier \u00e0 son b\u00e9b\u00e9 <\/strong>par des mouvements de bercement, d&rsquo;enroulement, respirer profond\u00e9ment, travailler sur la confiance, sur ses perceptions&#8230;<\/p>\n\n\n\n<p><strong>Echanger<\/strong> autour de la douleur de l&rsquo;accouchement, des \u00e9tapes de la naissance, de la d\u00e9couverte de son b\u00e9b\u00e9, sa sensorialit\u00e9<\/p>\n\n\n\n<p>L\u00e2cher prise et<strong> s&rsquo;adapter<\/strong> sereinement au diff\u00e9rents changements physiques, \u00e9motionnelles, soci\u00e9tales, sexuels, de couple &#8230;,<\/p>\n\n\n\n<p>Accompagner le <strong>post-partum,<\/strong><\/p>\n\n\n\n<p>Pr\u00e9parer votre\u00a0<a href=\"https:\/\/www.ameli.fr\/bouches-du-rhone\/assure\/sante\/devenir-parent\/accouchement-et-nouveau-ne\/suivi-domicile\" target=\"_blank\" rel=\"noreferrer noopener\">retour \u00e0 la maison<\/a>\u00a0avec votre b\u00e9b\u00e9,<\/p>\n\n\n\n<p class=\"has-pale-ocean-gradient-background has-background\">Accepter la fin d&rsquo;un cycle, avoir confiance en vous et accueillir ce nouveau cycle qui commence.<\/p>\n\n\n\n<p><\/p>\n\n\n\n<p class=\"has-text-align-center\"><strong>Plusieurs m\u00e9thodes<\/strong> pour prendre soin de vous et vous pr\u00e9parer existent aujourd&rsquo;hui.<\/p>\n\n\n\n<p>Les <strong>sages-femme<\/strong>s sont les r\u00e9f\u00e9rentes en la mati\u00e8re: vous donneront toutes les informations que vous souhaitez et vous guideront dans un travail corporel bas\u00e9 sur la relaxation, la respiration et l&rsquo;apprentissage de postures visant \u00e0 soulager les inconforts de la grossesse et faciliter l&rsquo;accouchement, elles se sont form\u00e9es en plus, pour certaines \u00e0 des accompagnements dits alternatifs. Pour r\u00e9pondre aux besoins des femmes d&rsquo;aujourd&rsquo;hui, qui souhaitent choisir, \u00eatre actrice, au centre de leur maternit\u00e9, en lien avec leurs valeurs, leurs d\u00e9sirs&#8230;<\/p>\n\n\n\n<p><strong>&nbsp;Haptonomie, pr\u00e9paration en piscine, chant pr\u00e9natal<\/strong>\u2026<\/p>\n\n\n\n<p><strong>Et, aussi<\/strong><\/p>\n\n\n\n<p class=\"has-text-align-left\"><strong>Sophrologie et hypnose<\/strong><\/p>\n\n\n\n<p>Sources:<a href=\"https:\/\/www.ameli.fr\/bouches-du-rhone\/assure\/sante\/devenir-parent\/grossesse\/grossesse-en-bonne-sante\/grossesse\/preparation-parentalite\" target=\"_blank\" rel=\"noreferrer noopener\">https:\/\/www.ameli.fr\/bouches-du-rhone\/assure\/sante\/devenir-parent\/grossesse\/grossesse-en-bonne-sante\/grossesse\/preparation-parentalite<\/a> <a href=\"https:\/\/maternite.chu-grenoble.fr\/preparation-la-naissance\" target=\"_blank\" rel=\"noreferrer noopener\">https:\/\/maternite.chu-grenoble.fr\/preparation-la-naissance<\/a><\/p>\n\n\n\n<p class=\"has-text-align-center has-pale-ocean-gradient-background has-background has-medium-font-size\"><strong>Mon accompagnement<\/strong><\/p>\n\n\n\n<p>Je vous propose un accompagnement collectif et individuel, <strong>seul(e) ou en couple<\/strong>, <strong>chaleureux, doux <\/strong>et <strong>bienveillant<\/strong> pour les femmes, les hommes et futurs parents. Avant et au cours de la conception, durant la grossesse, apr\u00e8s la grossesse et jusqu&rsquo;au 2\/3 ans du petit bout de chou.<\/p>\n\n\n\n<p>J&rsquo;accompagne \u00e9galement les parents au del\u00e0 des 3 ans de l&rsquo;enfant: <strong><em>Guidance parentale<\/em><\/strong><\/p>\n\n\n\n<p>Les <strong>s\u00e9ances sont adapt\u00e9es<\/strong> pour chacun de vous, la fr\u00e9quence est en fonction du besoin (hebdomadaire, par quinzaine, toutes les 3 semaines\u2026) Lors du 1er rendez-vous, j&rsquo;\u00e9tablis avec vous un protocole et un nombre de s\u00e9ances afin de r\u00e9pondre \u00e0 vos besoins qui sont r\u00e9\u00e9valu\u00e9s ensuite \u00e0 chaque s\u00e9ance ensemble.<\/p>\n\n\n\n<p>Vous pouvez<strong> choisir <\/strong>les s\u00e9ances \u00e0 l&rsquo;<strong>unit\u00e9<\/strong> ou sous forme de <strong>forfait<\/strong>.<\/p>\n\n\n\n<p><em>Dans le respect et la confidentialit\u00e9 (Charte de d\u00e9ontologie sophrologie et hypnose)<\/em><\/p>\n","protected":false},"excerpt":{"rendered":"<p>Pr\u00e9paration \u00e0 la grossesse (PMA), la naissance \u00e0 la parentalit\u00e9. L\u2019arriv\u00e9e d\u2019un enfant se pr\u00e9pare le plus souvent en couple&hellip; <\/p>\n","protected":false},"author":3,"featured_media":720,"parent":139,"menu_order":0,"comment_status":"closed","ping_status":"closed","template":"","meta":{"footnotes":""},"class_list":["post-153","page","type-page","status-publish","has-post-thumbnail","hentry"],"_links":{"self":[{"href":"https:\/\/sophrologue-gardanne.fr\/index.php\/wp-json\/wp\/v2\/pages\/153","targetHints":{"allow":["GET"]}}],"collection":[{"href":"https:\/\/sophrologue-gardanne.fr\/index.php\/wp-json\/wp\/v2\/pages"}],"about":[{"href":"https:\/\/sophrologue-gardanne.fr\/index.php\/wp-json\/wp\/v2\/types\/page"}],"author":[{"embeddable":true,"href":"https:\/\/sophrologue-gardanne.fr\/index.php\/wp-json\/wp\/v2\/users\/3"}],"replies":[{"embeddable":true,"href":"https:\/\/sophrologue-gardanne.fr\/index.php\/wp-json\/wp\/v2\/comments?post=153"}],"version-history":[{"count":15,"href":"https:\/\/sophrologue-gardanne.fr\/index.php\/wp-json\/wp\/v2\/pages\/153\/revisions"}],"predecessor-version":[{"id":1162,"href":"https:\/\/sophrologue-gardanne.fr\/index.php\/wp-json\/wp\/v2\/pages\/153\/revisions\/1162"}],"up":[{"embeddable":true,"href":"https:\/\/sophrologue-gardanne.fr\/index.php\/wp-json\/wp\/v2\/pages\/139"}],"wp:featuredmedia":[{"embeddable":true,"href":"https:\/\/sophrologue-gardanne.fr\/index.php\/wp-json\/wp\/v2\/media\/720"}],"wp:attachment":[{"href":"https:\/\/sophrologue-gardanne.fr\/index.php\/wp-json\/wp\/v2\/media?parent=153"}],"curies":[{"name":"wp","href":"https:\/\/api.w.org\/{rel}","templated":true}]}}