{"id":151,"date":"2016-08-13T05:16:55","date_gmt":"2016-08-13T05:16:55","guid":{"rendered":"http:\/\/localhost\/wordpress\/event\/?page_id=151"},"modified":"2024-07-06T14:16:42","modified_gmt":"2024-07-06T14:16:42","slug":"tabac-addictions","status":"publish","type":"page","link":"https:\/\/sophrologue-gardanne.fr\/index.php\/gallery\/tabac-addictions\/","title":{"rendered":"Tabac et autres addictions"},"content":{"rendered":"\n<p>Vous lib\u00e9rer&#8230; <\/p>\n\n\n\n<p class=\"has-pale-ocean-gradient-background has-background\"><strong>L\u2019hypnose<\/strong> est une <strong>technique efficace<\/strong> dans la prise en charge m\u00e9dicale de <strong>l\u2019arr\u00eat du tabac<\/strong>. Vous \u00eates depuis longtemps immobilis\u00e9 par cette <strong>d\u00e9pendance<\/strong>, et vous prenez enfin <strong>votre d\u00e9cision<\/strong>. Vous percevez peut-\u00eatre la<strong> cigarette <\/strong>ou votre <strong>addiction<\/strong> comme inutile, \u00e9trang\u00e8re ou comme un <strong>bourreau<\/strong> dont vous \u00eates la <strong>victime<\/strong>. Votre <strong>motivation<\/strong> doit \u00eatre <strong>personnelle<\/strong>. Et non pouss\u00e9e par votre entourage familial ou professionnel.<\/p>\n\n\n\n<p><strong>Le tabac <\/strong>et <strong>les addictions<\/strong> sont consid\u00e9r\u00e9s comme une <strong>d\u00e9pendance<\/strong>, une conduite physique, psychique, qui se traduit par l\u2019envie irr\u00e9pressible de <strong>fumer<\/strong> ou de <strong>consommer<\/strong> son <strong>addiction<\/strong> de mani\u00e8re r\u00e9currente, \u00e0 intervalles plus ou moins rapproch\u00e9s. Ce besoin peut se manifester d\u00e8s le r\u00e9veil, plus tard dans la journ\u00e9e, ou uniquement en soir\u00e9e. Pour d\u2019autres, ce seront des<strong> gestes<\/strong> \u00ab&nbsp;festifs&nbsp;\u00bb occasionnels.\u2008Il s\u2019agit de consid\u00e9rer que ces<strong> ph\u00e9nom\u00e8nes<\/strong> reposent sur des habitudes prises \u00e0 certains moments clefs de notre vie. Souvenez-vous, la premi\u00e8re fois n\u2019a g\u00e9n\u00e9ralement pas produit l\u2019effet souhait\u00e9&nbsp;: \u00e9c\u0153urement, maux de t\u00eate, effet doucereux et <strong>nocif<\/strong>\u2026 Ces gestes seront r\u00e9p\u00e9t\u00e9s sans que notre esprit nous mette en garde&nbsp;: au d\u00e9but, la certitude de pouvoir s\u2019en passer quand on le souhaite.\u2008Et, <strong>un sentiment de s\u00e9curit\u00e9 <\/strong>(le sentiment d\u2019<strong>appartenance \u00e0 un groupe<\/strong> quand on a \u00ab&nbsp;grill\u00e9&nbsp;\u00bb sa premi\u00e8re cigarette) e<strong>st devenu une ins\u00e9curit\u00e9 de vie\u202f!<\/strong><\/p>\n\n\n\n<p class=\"has-pale-ocean-gradient-background has-background\">La technique pour <strong>arr\u00eater de fumer <\/strong>par <strong>hypnose<\/strong> fonctionne sur les sujets faiblement ou tr\u00e8s fortement <strong>d\u00e9pendants<\/strong> \u00e0 la <strong>nicotine<\/strong>. Elle calme les sympt\u00f4mes de <strong>manque<\/strong> s\u00e9v\u00e8re aux composants du <strong>tabac<\/strong> et aux gestes et <strong>comportements<\/strong> <strong>addictifs<\/strong>.<\/p>\n\n\n\n<p>En mati\u00e8re d\u2019<strong>addiction<\/strong>, les crit\u00e8res habituels qui sont les vecteurs de notre volont\u00e9 (raisonnement, <strong>injonction<\/strong>, bon vouloir) ne sont pas les canaux adapt\u00e9s, d\u2019o\u00f9 les rechutes ou difficult\u00e9s pour<strong> arr\u00eater<\/strong>. Il s\u2019agit d\u2019utiliser le bon canal : notre subconscient. Gr\u00e2ce \u00e0 <strong>l\u2019hypnose<\/strong>, nous pouvons mettre un terme d\u00e9finitif au m\u00e9canisme <strong>d\u2019addiction<\/strong>. Je vous accompagne dans votre d\u00e9sir d\u2019<strong>arr\u00eater de fumer.<\/strong>. Vous allez agir directement sur cette partie de votre esprit qui int\u00e8gre <strong>exp\u00e9riences de vie<\/strong>, <strong>habitudes<\/strong> et <strong>comportements<\/strong>. Votre travail va consister \u00e0 lui envoyer de \u00ab\u00a0<strong>bonnes<\/strong> <strong>informations<\/strong>\u00a0\u00bb afin de produire un <strong>effet<\/strong> <strong>imm\u00e9d<\/strong>iat.<\/p>\n\n\n\n<p>Sources : <a href=\"https:\/\/www.hypnose-medicale.com\/arret-du-tabac-arreter-de-fumer-definitivement\/\" target=\"_blank\" rel=\"noreferrer noopener\">https:\/\/www.hypnose-medicale.com\/arret-du-tabac-arreter-de-fumer-definitivement\/<\/a> <a href=\"https:\/\/www.hypnosalys-hypnose.fr\/arret-du-tabac-avec-lhypnose\/\" target=\"_blank\" rel=\"noreferrer noopener\">https:\/\/www.hypnosalys-hypnose.fr\/arret-du-tabac-avec-lhypnose\/<\/a><\/p>\n\n\n\n<p class=\"has-text-align-center has-pale-ocean-gradient-background has-background has-medium-font-size\"><strong>Mon accompagnement<\/strong><\/p>\n\n\n\n<p>Je vous propose un accompagnement<strong> bienveillant<\/strong> et une \u00e9coute <strong>sans jugement<\/strong> de vos valeurs, de vos objectifs, qui vous permettra de retrouver l&rsquo;<strong>apaisement, l&rsquo;\u00e9quilibre, la motivation<\/strong>.<\/p>\n\n\n\n<p>Les s\u00e9ances sont<strong> individuelles, adapt\u00e9es<\/strong> pour chacun de vous, la fr\u00e9quence est en fonction du besoin (hebdomadaire, par quinzaine, toutes les 3 semaines&#8230;) Lors du 1er rendez-vous, j&rsquo;\u00e9tablis avec vous un protocole et un nombre de s\u00e9ances afin de r\u00e9pondre \u00e0 <strong>vos besoins qui sont r\u00e9\u00e9valu\u00e9s<\/strong> ensuite \u00e0 chaque s\u00e9ance ensemble.<\/p>\n\n\n\n<p>Vous pouvez<strong>&nbsp;choisir&nbsp;<\/strong>les s\u00e9ances \u00e0 l\u2019<strong>unit\u00e9<\/strong>&nbsp;ou sous forme de <strong>forfait<\/strong>.<\/p>\n\n\n\n<p><em>Dans le respect et la confidentialit\u00e9 (Charte de d\u00e9ontologie sophrologie et hypnose)<\/em><\/p>\n","protected":false},"excerpt":{"rendered":"<p>Vous lib\u00e9rer&#8230; L\u2019hypnose est une technique efficace dans la prise en charge m\u00e9dicale de l\u2019arr\u00eat du tabac. Vous \u00eates depuis&hellip; <\/p>\n","protected":false},"author":3,"featured_media":729,"parent":139,"menu_order":0,"comment_status":"closed","ping_status":"closed","template":"","meta":{"footnotes":""},"class_list":["post-151","page","type-page","status-publish","has-post-thumbnail","hentry"],"_links":{"self":[{"href":"https:\/\/sophrologue-gardanne.fr\/index.php\/wp-json\/wp\/v2\/pages\/151","targetHints":{"allow":["GET"]}}],"collection":[{"href":"https:\/\/sophrologue-gardanne.fr\/index.php\/wp-json\/wp\/v2\/pages"}],"about":[{"href":"https:\/\/sophrologue-gardanne.fr\/index.php\/wp-json\/wp\/v2\/types\/page"}],"author":[{"embeddable":true,"href":"https:\/\/sophrologue-gardanne.fr\/index.php\/wp-json\/wp\/v2\/users\/3"}],"replies":[{"embeddable":true,"href":"https:\/\/sophrologue-gardanne.fr\/index.php\/wp-json\/wp\/v2\/comments?post=151"}],"version-history":[{"count":16,"href":"https:\/\/sophrologue-gardanne.fr\/index.php\/wp-json\/wp\/v2\/pages\/151\/revisions"}],"predecessor-version":[{"id":1150,"href":"https:\/\/sophrologue-gardanne.fr\/index.php\/wp-json\/wp\/v2\/pages\/151\/revisions\/1150"}],"up":[{"embeddable":true,"href":"https:\/\/sophrologue-gardanne.fr\/index.php\/wp-json\/wp\/v2\/pages\/139"}],"wp:featuredmedia":[{"embeddable":true,"href":"https:\/\/sophrologue-gardanne.fr\/index.php\/wp-json\/wp\/v2\/media\/729"}],"wp:attachment":[{"href":"https:\/\/sophrologue-gardanne.fr\/index.php\/wp-json\/wp\/v2\/media?parent=151"}],"curies":[{"name":"wp","href":"https:\/\/api.w.org\/{rel}","templated":true}]}}